{"id":13,"date":"2022-11-12T21:59:31","date_gmt":"2022-11-12T20:59:31","guid":{"rendered":"https:\/\/sandra-werner.me\/?page_id=13"},"modified":"2024-07-17T15:40:13","modified_gmt":"2024-07-17T13:40:13","slug":"home","status":"publish","type":"page","link":"https:\/\/sandra-werner.me\/","title":{"rendered":"Home"},"content":{"rendered":"\n<div class=\"wp-block-cover alignfull is-light\" style=\"min-height:100vh;aspect-ratio:unset;\"><span aria-hidden=\"true\" class=\"wp-block-cover__background has-white-background-color has-background-dim-0 has-background-dim\"><\/span><img loading=\"lazy\" decoding=\"async\" width=\"1500\" height=\"800\" class=\"wp-block-cover__image-background wp-image-16\" alt=\"\" src=\"https:\/\/sandra-werner.me\/wp-content\/uploads\/2022\/11\/sandra-banner.jpg\" style=\"object-position:56% 48%\" data-object-fit=\"cover\" data-object-position=\"56% 48%\"\/><div class=\"wp-block-cover__inner-container is-layout-flow wp-block-cover-is-layout-flow\">\n<div class=\"wp-block-columns is-layout-flex wp-container-core-columns-is-layout-1 wp-block-columns-is-layout-flex\">\n<div class=\"wp-block-column textschatten is-layout-flow wp-block-column-is-layout-flow\">\n<h5 class=\"wp-block-heading has-text-align-center has-small-font-size\" style=\"font-style:normal;font-weight:300;letter-spacing:2px;line-height:1;text-transform:uppercase\">IT-CONSULTANT \u2022 MUSIC PRODUCER \u2022 INVENTOR \u2022 Entrepreneur<\/h5>\n\n\n\n<h1 class=\"wp-block-heading has-text-align-center textschatten has-extra-large-font-size\" style=\"font-style:normal;font-size:80px;font-variant: small-caps; font-family: Impact, fantasy;\">Sandra Werner<\/h1>\n\n\n\n<p class=\"has-text-align-center has-regular-font-size\"><\/p>\n\n\n\n<div style=\"height:10px\" aria-hidden=\"true\" class=\"wp-block-spacer\"><\/div>\n\n\n\n<div class=\"wp-block-buttons is-content-justification-center is-layout-flex wp-container-core-buttons-is-layout-1 wp-block-buttons-is-layout-flex\">\n<div class=\"wp-block-button has-custom-font-size\" style=\"font-size:14px\"><a class=\"wp-block-button__link has-tangaroa-background-color has-background wp-element-button\" href=\"mailto:mail@sandra-werner.me\" style=\"border-radius:0px;padding-top:15px;padding-right:36px;padding-bottom:15px;padding-left:36px\">Contact Me<\/a><\/div>\n<\/div>\n<\/div>\n\n\n\n<div class=\"wp-block-column is-layout-flow wp-block-column-is-layout-flow\"><\/div>\n<\/div>\n<\/div><\/div>\n\n\n\n<hr class=\"wp-block-separator has-alpha-channel-opacity\"\/>\n\n\n\n<h2 class=\"wp-block-heading\">Gesch\u00e4ftsbereiche<\/h2>\n\n\n\n<div class=\"wp-block-columns are-vertically-aligned-center is-layout-flex wp-container-core-columns-is-layout-2 wp-block-columns-is-layout-flex\">\n<div class=\"wp-block-column is-vertically-aligned-center is-layout-flow wp-block-column-is-layout-flow\"><div class=\"wp-block-image\">\n<figure class=\"aligncenter size-full is-resized\"><a href=\"https:\/\/www.consultsys.de\" target=\"_blank\" rel=\"noreferrer noopener\"><img loading=\"lazy\" decoding=\"async\" width=\"1024\" height=\"353\" src=\"https:\/\/sandra-werner.me\/wp-content\/uploads\/2022\/11\/Logo-1024-alpha.png\" alt=\"ConsultSys IT-Beratutung\" class=\"wp-image-22\" style=\"width:388px;height:auto\"\/><\/a><\/figure><\/div><\/div>\n\n\n\n<div class=\"wp-block-column is-vertically-aligned-center is-layout-flow wp-block-column-is-layout-flow\">\n<div class=\"wp-block-group\"><div class=\"wp-block-group__inner-container is-layout-flow wp-block-group-is-layout-flow\"><div class=\"wp-block-image\">\n<figure class=\"aligncenter size-full is-resized\"><a href=\"https:\/\/www.cw-records.net\" target=\"_blank\" rel=\"noreferrer noopener\"><img loading=\"lazy\" decoding=\"async\" width=\"600\" height=\"210\" src=\"https:\/\/sandra-werner.me\/wp-content\/uploads\/2022\/11\/cwr-logo-alpha.png\" alt=\"Tonstudio ClusterWave Records\" class=\"wp-image-23\" style=\"width:403px;height:auto\"\/><\/a><\/figure><\/div><\/div><\/div>\n<\/div>\n<\/div>\n\n\n\n<section class=\"wp-block-group alignfull testimonial-1-pattern\"><div class=\"wp-block-group__inner-container is-layout-flow wp-block-group-is-layout-flow\">\n<div class=\"wp-block-columns is-layout-flex wp-container-core-columns-is-layout-3 wp-block-columns-is-layout-flex\">\n<div class=\"wp-block-column is-layout-flow wp-block-column-is-layout-flow\">\n<hr class=\"wp-block-separator has-alpha-channel-opacity\"\/>\n\n\n\n<h2 class=\"wp-block-heading\">\u00dcber mich<\/h2>\n\n\n<div class=\"wp-block-image\">\n<figure class=\"aligncenter size-full\"><img loading=\"lazy\" decoding=\"async\" width=\"1021\" height=\"419\" src=\"https:\/\/sandra-werner.me\/wp-content\/uploads\/2023\/12\/Kreativ_schmal.jpg\" alt=\"\" class=\"wp-image-75\" srcset=\"https:\/\/sandra-werner.me\/wp-content\/uploads\/2023\/12\/Kreativ_schmal.jpg 1021w, https:\/\/sandra-werner.me\/wp-content\/uploads\/2023\/12\/Kreativ_schmal-300x123.jpg 300w, https:\/\/sandra-werner.me\/wp-content\/uploads\/2023\/12\/Kreativ_schmal-768x315.jpg 768w\" sizes=\"(max-width: 1021px) 100vw, 1021px\" \/><\/figure><\/div>\n\n\n<p>Auf der Suche nach Vielseitigkeit und einer Mischung aus technischer Expertise und kreativer Leidenschaft? Herzlich willkommen! Meine Erfahrungen umfassen eine breite Palette von F\u00e4higkeiten und Branchen.<\/p>\n\n\n\n<p><strong>Wer ich bin<\/strong><br>Mein beruflicher Werdegang spiegelt eine facettenreiche Expertise wider, die von der Implementierung von IT-Systemen bis hin zu kreativen Projekten reicht. Meine St\u00e4rken liegen in der IT-Compliance, Projektleitung und Prozessoptimierung in verschiedenen Unternehmensumfeldern.<\/p>\n\n\n\n<p>Aktuell bin ich bei der Haftpflichtkasse im Resort IT-Governance und Unternehmensentwicklung t\u00e4tig. Neben meiner hauptberuflichen T\u00e4tigkeit begleite ich im Nebenerwerb mit meinem Beratungsunternehmen ConsultSys als unabh\u00e4ngige IT-Beraterin Unternehmen aus dem KMU-Sektor bei ihrer digitalen Transformation und realisiere gemeinsam Hand in Hand mit externen Dienstleistern komplexe IT-Projekte. Dar\u00fcber hinaus verhelfe ich talentierten K\u00fcnstlern mit meinem Tonstudio ClusterWave Records als freiberufliche Musikproduzentin, Labelinhaberin und Komponistin, ihre musikalischen Visionen zu verwirklichen und erfolgreich am Markt zu etablieren.<\/p>\n\n\n\n<p><br><\/p>\n\n\n\n<p><strong>Meine F\u00e4higkeiten und Interessen<\/strong><br>Neben der IT-Welt habe ich autodidaktisch Fertigkeiten in 3D-Modellierung, Elektronikentwicklung, Apparatebau, additiver und subtraktiver Fertigungstechnologien sowie in der professionellen Musikproduktion erworben. Mein st\u00e4ndiges Streben nach Wissenserweiterung f\u00fchrt mich dazu, fortw\u00e4hrend neue Technologien und Fachgebiete zu erkunden.<\/p>\n\n\n\n<p><strong>Kreativit\u00e4t und technische Raffinesse<\/strong><br>Abseits meiner beruflichen T\u00e4tigkeit finde ich Freude an kreativen Projekten, sei es die Restaurierung elektronischer Instrumente, die Schaffung von Musik mit modernster Software, der Realisierung eigener IoT-Projekte oder auch der Ausbau meines Wohnmobils.<\/p>\n\n\n\n<p>Diese kurze Zusammenfassung gew\u00e4hrt Ihnen einen \u00dcberblick \u00fcber meine beruflichen F\u00e4higkeiten und pers\u00f6nlichen Interessen.<\/p>\n\n\n\n<hr class=\"wp-block-separator has-alpha-channel-opacity\"\/>\n\n\n\n<h2 class=\"wp-block-heading\"><strong>Berufserfahrung<\/strong><\/h2>\n\n\n<div class=\"wp-block-image\">\n<figure class=\"aligncenter size-full\"><img loading=\"lazy\" decoding=\"async\" width=\"1389\" height=\"483\" src=\"https:\/\/sandra-werner.me\/wp-content\/uploads\/2024\/07\/Berufserfahrung.png\" alt=\"\" class=\"wp-image-108\" srcset=\"https:\/\/sandra-werner.me\/wp-content\/uploads\/2024\/07\/Berufserfahrung.png 1389w, https:\/\/sandra-werner.me\/wp-content\/uploads\/2024\/07\/Berufserfahrung-300x104.png 300w, https:\/\/sandra-werner.me\/wp-content\/uploads\/2024\/07\/Berufserfahrung-1024x356.png 1024w, https:\/\/sandra-werner.me\/wp-content\/uploads\/2024\/07\/Berufserfahrung-768x267.png 768w\" sizes=\"(max-width: 1389px) 100vw, 1389px\" \/><\/figure><\/div>\n\n\n<figure class=\"wp-block-table\"><table><tbody><tr><td><strong>06\/2024 &#8211; heute<\/strong><\/td><td><strong><a href=\"https:\/\/www.haftpflichtkasse.de\">Die Haftpflichtkasse VVaG<\/a>, Ro\u00dfdorf<\/strong><\/td><td><strong>IT-Governance Expert<\/strong><\/td><\/tr><tr><td><br><strong><em>04\/2022 \u2013 <\/em>heute<\/strong><\/td><td><br><strong><a href=\"https:\/\/www.consultsys.de\">ConsultSys<\/a><\/strong>, R\u00f6dermark<\/td><td><br><strong>Freiberufliche, unabh\u00e4ngige IT-Beraterin und IT-Sicherheitsexpertin im Nebenerwerb<\/strong><\/td><\/tr><tr><td><strong><em>01\/2010 \u2013 heute<\/em><\/strong><\/td><td><strong><a href=\"https:\/\/www.cw-records.net\">ClusterWave Records<\/a><\/strong>, R\u00f6dermark<\/td><td><strong>Freiberufliche Musikproduzentin, Komponistin und Labelinhaberin im Nebenerwerb<\/strong><\/td><\/tr><tr><td><em>11\/2022 \u2013 <\/em>05\/2024<\/td><td><strong><a href=\"https:\/\/www.fraport.com\">Fraport AG<\/a><\/strong>, Frankfurt am Main<\/td><td>Senior Delivery Manager System\/Application<br>Einsatzleit-, Kommunikations- und Gefahrenmeldesysteme<\/td><\/tr><tr><td><em>07\/2021 \u2013 <\/em>10\/2022 <\/td><td><a href=\"https:\/\/www.picard-fashion.com\">PICARD Lederwaren GmbH &amp; Co. KG<\/a>, Obertshausen<\/td><td>Leiterin der IT-Abteilung (Head of IT)<\/td><\/tr><tr><td><em>08\/2018 \u2013 06\/2021<\/em><\/td><td><a href=\"https:\/\/polizei.hessen.de\" data-type=\"URL\" data-id=\"https:\/\/polizei.hessen.de\">Polizei Hessen<\/a>, Offenbach am Main<\/td><td>Informatikerin im polizeilichen Lagedienst \/ Auswertestelle Allgemeinkriminalit\u00e4t (AStAK)<\/td><\/tr><tr><td><em>11\/2016 \u2013 07\/2018<\/em><\/td><td><a href=\"https:\/\/www.ac-motoren.de\">AC-Motoren GmbH<\/a>, Eppertshausen<\/td><td>IT-Managerin<\/td><\/tr><tr><td><em>07\/2013 \u2013 10\/2016<\/em><\/td><td><a href=\"https:\/\/www.connect-it-solutions.de\">connect IT-solutions GmbH<\/a>, Darmstadt<\/td><td>IT-Professional<\/td><\/tr><tr><td><em>08\/2010 \u2013 12\/2013<\/em><\/td><td>Informatik B\u00fcro Werner, R\u00f6dermark<\/td><td>Selbstst\u00e4ndige IT-Spezialistin im Nebenerwerb<\/td><\/tr><tr><td><em>08\/2009 \u2013 03\/2010<\/em><\/td><td>Gebr\u00fcder-Paul GmbH, Obertshausen<\/td><td>Aushilfsmitarbeiterin \/ IT-Betreuung<\/td><\/tr><\/tbody><\/table><\/figure>\n\n\n\n<hr class=\"wp-block-separator has-alpha-channel-opacity\"\/>\n\n\n\n<h3 class=\"wp-block-heading font-family: -apple-system, BlinkMacSystemFont, &quot;Segoe UI&quot;, Roboto, Oxygen-Sans, Ubuntu, Cantarell, &quot;Helvetica Neue&quot;, sans-serif\"><strong>Berufliche F\u00e4higkeiten und Kenntnisse<\/strong><\/h3>\n\n\n\n<p class=\"font-family: -apple-system, BlinkMacSystemFont, &quot;Segoe UI&quot;, Roboto, Oxygen-Sans, Ubuntu, Cantarell, &quot;Helvetica Neue&quot;, sans-serif\">IT-Compliance \u2022 fachliche und wirtschaftliche Aussteuerung von Dienstleistern \u2022 BOS-\/TETRA-B\u00fcndelfunk \u2022 Einsatzleitsysteme \u2022 Kommunikationssysteme \u2022 Gefahrenmeldesysteme \u2022 Abteilungsleitung mit Personal- und Budgetverantwortung \u2022 Prozessoptimierung \u2022 Strategieentwicklung \u2022  Planung \u2022 Leitung und Steuerung von Projekten und Prozessen \u2022 Konzeptionierung \u2022 IT-Governance \u2022  Agiles Projektmanagement \u2022 Analyse von Unternehmenskennzahlen mit BI-Systemen \u2022  Realisierung und Betrieb komplexer IT-Infrastrukturen  \u2022 Dokumentenmanagement &amp; Reporting \u2022  Technische Beratung und Machbarkeitsanalysen \u2022 Fachbezogene Beschaffungen \/ Ausschreibungen \u2022 Projektleitung und Projektverantwortung \u2022 Fehleranalyse und -Entst\u00f6rung innerhalb komplexer Infrastrukturen \u2022 Server- und Dienstemigrationen \u2022  Ausarbeitung und Umsetzung von Backup- &amp; Disaster-Recovery-Strategien \u2022 Infrastrukturmanagement \u2022  Datenmigration &amp; Datenmanagement \u2022 IT-Forensik und Begutachtungen<\/p>\n\n\n\n<hr class=\"wp-block-separator has-alpha-channel-opacity\"\/>\n\n\n\n<h3 class=\"wp-block-heading font-family: -apple-system, BlinkMacSystemFont, &quot;Segoe UI&quot;, Roboto, Oxygen-Sans, Ubuntu, Cantarell, &quot;Helvetica Neue&quot;, sans-serif\"><strong>Autodidaktisch erworbene F\u00e4higkeiten und Kenntnisse<\/strong><\/h3>\n\n\n\n<p class=\"font-family: -apple-system, BlinkMacSystemFont, &quot;Segoe UI&quot;, Roboto, Oxygen-Sans, Ubuntu, Cantarell, &quot;Helvetica Neue&quot;, sans-serif\">3D-Modellierung und CAD \u2022 Entwicklung und Produktion von elektronischen Baugruppen und Ger\u00e4ten \u2022  Kunststoff und Metallbearbeitung mittels CNC-Fr\u00e4smaschinen \u2022 Isolationsfr\u00e4sen von Elektronikplatinen \u2022 SMD-Microsoldering \u2022 Gravieren und Schneiden von Werkst\u00fccken mittels CO2-Laser \u2022 Apparatebau \u2022  3D-Druck \/ Additive Fertigungsverfahren \u2022 Design und Entwicklung von Microprozessorsteuerungen \u2022 IoT- und SmartHome-Technologien \u2022 Geb\u00e4udeautomation \u2022 Einplatinencomputer und SoCs \u2022 Hochspannungs- und Hochfrequenzapplikationen \u2022 Sensorik und \u00dcberwachungssysteme \u2022  Musikproduktion mit Steinberg Cubase und Ableton Live \u2022 Recording und Mixing \u2022 Mastering \u2022 Sounddesign \u2022 Restaurierung elektronischer Instrumente<\/p>\n<\/div>\n<\/div>\n<\/div><\/section>\n\n\n\n<h2 class=\"wp-block-heading\">Upcoming Projects<\/h2>\n\n\n\n<div class=\"wp-block-columns are-vertically-aligned-center is-layout-flex wp-container-core-columns-is-layout-4 wp-block-columns-is-layout-flex\">\n<div class=\"wp-block-column is-vertically-aligned-center is-layout-flow wp-block-column-is-layout-flow\"><div class=\"wp-block-image\">\n<figure class=\"aligncenter size-full is-resized\"><a href=\"https:\/\/www.pcbfix.de\" target=\"_blank\" rel=\"noreferrer noopener\"><img loading=\"lazy\" decoding=\"async\" width=\"2132\" height=\"596\" src=\"https:\/\/sandra-werner.me\/wp-content\/uploads\/2022\/11\/PCBfix.png\" alt=\"\" class=\"wp-image-27\" style=\"width:384px;height:auto\"\/><\/a><\/figure><\/div><\/div>\n\n\n\n<div class=\"wp-block-column is-vertically-aligned-center is-layout-flow wp-block-column-is-layout-flow\"><div class=\"wp-block-image is-resized\">\n<figure class=\"aligncenter size-full\"><a href=\"https:\/\/www.advsub.de\" target=\"_blank\" rel=\"noreferrer noopener\"><img loading=\"lazy\" decoding=\"async\" width=\"1920\" height=\"1357\" src=\"https:\/\/sandra-werner.me\/wp-content\/uploads\/2022\/11\/AdvSub-Logo.png\" alt=\"\" class=\"wp-image-24\" style=\"width:308px;height:auto\"\/><\/a><\/figure><\/div><\/div>\n<\/div>\n\n\n\n<p><\/p>\n\n\n\n<div class=\"wp-block-group\"><div class=\"wp-block-group__inner-container is-layout-constrained wp-block-group-is-layout-constrained\">\n<ul class=\"wp-block-social-links has-visible-labels is-style-default is-content-justification-center is-layout-flex wp-container-core-social-links-is-layout-1 wp-block-social-links-is-layout-flex\"><li class=\"wp-social-link wp-social-link-mail  wp-block-social-link\"><a href=\"mailto:&#109;&#097;&#105;&#108;&#064;&#115;a&#110;dra&#045;&#119;e&#114;&#110;&#101;r&#046;m&#101;\" class=\"wp-block-social-link-anchor\"><svg width=\"24\" height=\"24\" viewBox=\"0 0 24 24\" version=\"1.1\" xmlns=\"http:\/\/www.w3.org\/2000\/svg\" aria-hidden=\"true\" focusable=\"false\"><path d=\"M19,5H5c-1.1,0-2,.9-2,2v10c0,1.1.9,2,2,2h14c1.1,0,2-.9,2-2V7c0-1.1-.9-2-2-2zm.5,12c0,.3-.2.5-.5.5H5c-.3,0-.5-.2-.5-.5V9.8l7.5,5.6,7.5-5.6V17zm0-9.1L12,13.6,4.5,7.9V7c0-.3.2-.5.5-.5h14c.3,0,.5.2.5.5v.9z\"><\/path><\/svg><span class=\"wp-block-social-link-label\">Mail<\/span><\/a><\/li>\n\n<li class=\"wp-social-link wp-social-link-linkedin  wp-block-social-link\"><a href=\"https:\/\/www.linkedin.com\/in\/sandra-werner-323817213\/\" class=\"wp-block-social-link-anchor\"><svg width=\"24\" height=\"24\" viewBox=\"0 0 24 24\" version=\"1.1\" xmlns=\"http:\/\/www.w3.org\/2000\/svg\" aria-hidden=\"true\" focusable=\"false\"><path d=\"M19.7,3H4.3C3.582,3,3,3.582,3,4.3v15.4C3,20.418,3.582,21,4.3,21h15.4c0.718,0,1.3-0.582,1.3-1.3V4.3 C21,3.582,20.418,3,19.7,3z M8.339,18.338H5.667v-8.59h2.672V18.338z M7.004,8.574c-0.857,0-1.549-0.694-1.549-1.548 c0-0.855,0.691-1.548,1.549-1.548c0.854,0,1.547,0.694,1.547,1.548C8.551,7.881,7.858,8.574,7.004,8.574z M18.339,18.338h-2.669 v-4.177c0-0.996-0.017-2.278-1.387-2.278c-1.389,0-1.601,1.086-1.601,2.206v4.249h-2.667v-8.59h2.559v1.174h0.037 c0.356-0.675,1.227-1.387,2.526-1.387c2.703,0,3.203,1.779,3.203,4.092V18.338z\"><\/path><\/svg><span class=\"wp-block-social-link-label\">LinkedIn<\/span><\/a><\/li>\n\n<li class=\"wp-social-link wp-social-link-chain  wp-block-social-link\"><a href=\"https:\/\/www.xing.com\/profile\/Sandra_Werner019256\" class=\"wp-block-social-link-anchor\"><svg width=\"24\" height=\"24\" viewBox=\"0 0 24 24\" version=\"1.1\" xmlns=\"http:\/\/www.w3.org\/2000\/svg\" aria-hidden=\"true\" focusable=\"false\"><path d=\"M15.6,7.2H14v1.5h1.6c2,0,3.7,1.7,3.7,3.7s-1.7,3.7-3.7,3.7H14v1.5h1.6c2.8,0,5.2-2.3,5.2-5.2,0-2.9-2.3-5.2-5.2-5.2zM4.7,12.4c0-2,1.7-3.7,3.7-3.7H10V7.2H8.4c-2.9,0-5.2,2.3-5.2,5.2,0,2.9,2.3,5.2,5.2,5.2H10v-1.5H8.4c-2,0-3.7-1.7-3.7-3.7zm4.6.9h5.3v-1.5H9.3v1.5z\"><\/path><\/svg><span class=\"wp-block-social-link-label\">Xing<\/span><\/a><\/li>\n\n<li class=\"wp-social-link wp-social-link-twitter  wp-block-social-link\"><a href=\"https:\/\/twitter.com\/diese_sandra91\" class=\"wp-block-social-link-anchor\"><svg width=\"24\" height=\"24\" viewBox=\"0 0 24 24\" version=\"1.1\" xmlns=\"http:\/\/www.w3.org\/2000\/svg\" aria-hidden=\"true\" focusable=\"false\"><path d=\"M22.23,5.924c-0.736,0.326-1.527,0.547-2.357,0.646c0.847-0.508,1.498-1.312,1.804-2.27 c-0.793,0.47-1.671,0.812-2.606,0.996C18.324,4.498,17.257,4,16.077,4c-2.266,0-4.103,1.837-4.103,4.103 c0,0.322,0.036,0.635,0.106,0.935C8.67,8.867,5.647,7.234,3.623,4.751C3.27,5.357,3.067,6.062,3.067,6.814 c0,1.424,0.724,2.679,1.825,3.415c-0.673-0.021-1.305-0.206-1.859-0.513c0,0.017,0,0.034,0,0.052c0,1.988,1.414,3.647,3.292,4.023 c-0.344,0.094-0.707,0.144-1.081,0.144c-0.264,0-0.521-0.026-0.772-0.074c0.522,1.63,2.038,2.816,3.833,2.85 c-1.404,1.1-3.174,1.756-5.096,1.756c-0.331,0-0.658-0.019-0.979-0.057c1.816,1.164,3.973,1.843,6.29,1.843 c7.547,0,11.675-6.252,11.675-11.675c0-0.178-0.004-0.355-0.012-0.531C20.985,7.47,21.68,6.747,22.23,5.924z\"><\/path><\/svg><span class=\"wp-block-social-link-label\">Twitter<\/span><\/a><\/li>\n\n<li class=\"wp-social-link wp-social-link-facebook  wp-block-social-link\"><a href=\"https:\/\/www.facebook.com\/profile.php?id=100008026745583\" class=\"wp-block-social-link-anchor\"><svg width=\"24\" height=\"24\" viewBox=\"0 0 24 24\" version=\"1.1\" xmlns=\"http:\/\/www.w3.org\/2000\/svg\" aria-hidden=\"true\" focusable=\"false\"><path d=\"M12 2C6.5 2 2 6.5 2 12c0 5 3.7 9.1 8.4 9.9v-7H7.9V12h2.5V9.8c0-2.5 1.5-3.9 3.8-3.9 1.1 0 2.2.2 2.2.2v2.5h-1.3c-1.2 0-1.6.8-1.6 1.6V12h2.8l-.4 2.9h-2.3v7C18.3 21.1 22 17 22 12c0-5.5-4.5-10-10-10z\"><\/path><\/svg><span class=\"wp-block-social-link-label\">Facebook<\/span><\/a><\/li>\n\n<li class=\"wp-social-link wp-social-link-instagram  wp-block-social-link\"><a href=\"https:\/\/www.instagram.com\/diese_sandra91\" class=\"wp-block-social-link-anchor\"><svg width=\"24\" height=\"24\" viewBox=\"0 0 24 24\" version=\"1.1\" xmlns=\"http:\/\/www.w3.org\/2000\/svg\" aria-hidden=\"true\" focusable=\"false\"><path d=\"M12,4.622c2.403,0,2.688,0.009,3.637,0.052c0.877,0.04,1.354,0.187,1.671,0.31c0.42,0.163,0.72,0.358,1.035,0.673 c0.315,0.315,0.51,0.615,0.673,1.035c0.123,0.317,0.27,0.794,0.31,1.671c0.043,0.949,0.052,1.234,0.052,3.637 s-0.009,2.688-0.052,3.637c-0.04,0.877-0.187,1.354-0.31,1.671c-0.163,0.42-0.358,0.72-0.673,1.035 c-0.315,0.315-0.615,0.51-1.035,0.673c-0.317,0.123-0.794,0.27-1.671,0.31c-0.949,0.043-1.233,0.052-3.637,0.052 s-2.688-0.009-3.637-0.052c-0.877-0.04-1.354-0.187-1.671-0.31c-0.42-0.163-0.72-0.358-1.035-0.673 c-0.315-0.315-0.51-0.615-0.673-1.035c-0.123-0.317-0.27-0.794-0.31-1.671C4.631,14.688,4.622,14.403,4.622,12 s0.009-2.688,0.052-3.637c0.04-0.877,0.187-1.354,0.31-1.671c0.163-0.42,0.358-0.72,0.673-1.035 c0.315-0.315,0.615-0.51,1.035-0.673c0.317-0.123,0.794-0.27,1.671-0.31C9.312,4.631,9.597,4.622,12,4.622 M12,3 C9.556,3,9.249,3.01,8.289,3.054C7.331,3.098,6.677,3.25,6.105,3.472C5.513,3.702,5.011,4.01,4.511,4.511 c-0.5,0.5-0.808,1.002-1.038,1.594C3.25,6.677,3.098,7.331,3.054,8.289C3.01,9.249,3,9.556,3,12c0,2.444,0.01,2.751,0.054,3.711 c0.044,0.958,0.196,1.612,0.418,2.185c0.23,0.592,0.538,1.094,1.038,1.594c0.5,0.5,1.002,0.808,1.594,1.038 c0.572,0.222,1.227,0.375,2.185,0.418C9.249,20.99,9.556,21,12,21s2.751-0.01,3.711-0.054c0.958-0.044,1.612-0.196,2.185-0.418 c0.592-0.23,1.094-0.538,1.594-1.038c0.5-0.5,0.808-1.002,1.038-1.594c0.222-0.572,0.375-1.227,0.418-2.185 C20.99,14.751,21,14.444,21,12s-0.01-2.751-0.054-3.711c-0.044-0.958-0.196-1.612-0.418-2.185c-0.23-0.592-0.538-1.094-1.038-1.594 c-0.5-0.5-1.002-0.808-1.594-1.038c-0.572-0.222-1.227-0.375-2.185-0.418C14.751,3.01,14.444,3,12,3L12,3z M12,7.378 c-2.552,0-4.622,2.069-4.622,4.622S9.448,16.622,12,16.622s4.622-2.069,4.622-4.622S14.552,7.378,12,7.378z M12,15 c-1.657,0-3-1.343-3-3s1.343-3,3-3s3,1.343,3,3S13.657,15,12,15z M16.804,6.116c-0.596,0-1.08,0.484-1.08,1.08 s0.484,1.08,1.08,1.08c0.596,0,1.08-0.484,1.08-1.08S17.401,6.116,16.804,6.116z\"><\/path><\/svg><span class=\"wp-block-social-link-label\">Instagram<\/span><\/a><\/li><\/ul>\n<\/div><\/div>\n\n\n\n<div class=\"wp-block-group\"><div class=\"wp-block-group__inner-container is-layout-constrained wp-block-group-is-layout-constrained\">\n<div class=\"wp-block-columns is-layout-flex wp-container-core-columns-is-layout-6 wp-block-columns-is-layout-flex\">\n<div class=\"wp-block-column is-layout-flow wp-block-column-is-layout-flow\" style=\"flex-basis:100%\">\n<div class=\"wp-block-group\"><div class=\"wp-block-group__inner-container is-layout-constrained wp-block-group-is-layout-constrained\">\n<h2 class=\"wp-block-heading\"><strong>Impressum<\/strong><\/h2>\n<\/div><\/div>\n\n\n\n<div class=\"wp-block-columns is-layout-flex wp-container-core-columns-is-layout-5 wp-block-columns-is-layout-flex\">\n<div class=\"wp-block-column is-layout-flow wp-block-column-is-layout-flow\">\n<p class=\"has-extra-small-font-size\">Angaben gem\u00e4\u00df \u00a7 5 TMG:<br>Private Webseite von Sandra Werner<br>Hauptstra\u00dfe 93d<br>63322 R\u00f6dermark<\/p>\n\n\n\n<p class=\"has-extra-small-font-size\">Kontakt:<br>E-Mail: mail@sandra-werner.me<br>Tel.: +49 (0)6074 2399325<br>Fax: +49 (0)6074 2399513<\/p>\n\n\n\n<p><\/p>\n<\/div>\n\n\n\n<div class=\"wp-block-column has-small-font-size is-layout-flow wp-block-column-is-layout-flow\">\n<p class=\"has-extra-small-font-size\">Umsatzsteuer-Identifikationsnummer gem. \u00a727a UStG:<br>DE352068709<\/p>\n\n\n\n<p class=\"has-extra-small-font-size\">Verantwortlich f\u00fcr den Inhalt nach \u00a7 55 Abs. 2 RStV:<br>Sandra Werner, Hauptstra\u00dfe 93d, 63322 R\u00f6dermark<\/p>\n<\/div>\n<\/div>\n<\/div>\n<\/div>\n<\/div><\/div>\n","protected":false},"excerpt":{"rendered":"<p>Gesch\u00e4ftsbereiche \u00dcber mich Auf der Suche nach Vielseitigkeit und einer Mischung aus technischer Expertise und [&hellip;]<\/p>\n","protected":false},"author":1,"featured_media":0,"parent":0,"menu_order":0,"comment_status":"closed","ping_status":"closed","template":"","meta":{"footnotes":""},"_links":{"self":[{"href":"https:\/\/sandra-werner.me\/index.php?rest_route=\/wp\/v2\/pages\/13"}],"collection":[{"href":"https:\/\/sandra-werner.me\/index.php?rest_route=\/wp\/v2\/pages"}],"about":[{"href":"https:\/\/sandra-werner.me\/index.php?rest_route=\/wp\/v2\/types\/page"}],"author":[{"embeddable":true,"href":"https:\/\/sandra-werner.me\/index.php?rest_route=\/wp\/v2\/users\/1"}],"replies":[{"embeddable":true,"href":"https:\/\/sandra-werner.me\/index.php?rest_route=%2Fwp%2Fv2%2Fcomments&post=13"}],"version-history":[{"count":50,"href":"https:\/\/sandra-werner.me\/index.php?rest_route=\/wp\/v2\/pages\/13\/revisions"}],"predecessor-version":[{"id":110,"href":"https:\/\/sandra-werner.me\/index.php?rest_route=\/wp\/v2\/pages\/13\/revisions\/110"}],"wp:attachment":[{"href":"https:\/\/sandra-werner.me\/index.php?rest_route=%2Fwp%2Fv2%2Fmedia&parent=13"}],"curies":[{"name":"wp","href":"https:\/\/api.w.org\/{rel}","templated":true}]}}